{"id":7131,"date":"2023-01-13T11:49:49","date_gmt":"2023-01-13T11:49:49","guid":{"rendered":"https:\/\/ecovent-ks.com\/?page_id=7131"},"modified":"2023-01-13T12:32:26","modified_gmt":"2023-01-13T12:32:26","slug":"technical-support","status":"publish","type":"page","link":"https:\/\/ecovent-ks.com\/sq\/services\/technical-support\/","title":{"rendered":"TECHNICAL SUPPORT \u200b"},"content":{"rendered":"<div data-elementor-type=\"wp-page\" data-elementor-id=\"7131\" class=\"elementor elementor-7131\">\n\t\t\t\t\t\t<section class=\"elementor-section elementor-top-section elementor-element elementor-element-3ff77e4 ct-section-stretched elementor-section-full_width elementor-section-height-min-height elementor-section-height-default elementor-section-items-middle\" data-id=\"3ff77e4\" data-element_type=\"section\" data-e-type=\"section\">\n\t\t\t\t\t\t<div class=\"elementor-container elementor-column-gap-default\">\n\t\t\t\t\t<div class=\"elementor-column elementor-col-100 elementor-top-column elementor-element elementor-element-d1047bf\" data-id=\"d1047bf\" data-element_type=\"column\" data-e-type=\"column\">\n\t\t\t<div class=\"elementor-widget-wrap elementor-element-populated\">\n\t\t\t\t\t\t<div class=\"elementor-element elementor-element-86da7db elementor-widget elementor-widget-image\" data-id=\"86da7db\" data-element_type=\"widget\" data-e-type=\"widget\" data-widget_type=\"image.default\">\n\t\t\t\t<div class=\"elementor-widget-container\">\n\t\t\t\t\t\t\t\t\t\t\t\t\t\t\t<img fetchpriority=\"high\" decoding=\"async\" width=\"1024\" height=\"576\" src=\"https:\/\/ecovent-ks.com\/wp-content\/uploads\/2023\/01\/header-techs-1024x576-1.png\" class=\"attachment-1536x1536 size-1536x1536 wp-image-7136\" alt=\"\" srcset=\"https:\/\/ecovent-ks.com\/wp-content\/uploads\/2023\/01\/header-techs-1024x576-1.png 1024w, https:\/\/ecovent-ks.com\/wp-content\/uploads\/2023\/01\/header-techs-1024x576-1-300x169.png 300w, https:\/\/ecovent-ks.com\/wp-content\/uploads\/2023\/01\/header-techs-1024x576-1-600x338.png 600w, https:\/\/ecovent-ks.com\/wp-content\/uploads\/2023\/01\/header-techs-1024x576-1-768x432.png 768w, https:\/\/ecovent-ks.com\/wp-content\/uploads\/2023\/01\/header-techs-1024x576-1-18x10.png 18w\" sizes=\"(max-width: 1024px) 100vw, 1024px\" \/>\t\t\t\t\t\t\t\t\t\t\t\t\t\t\t<\/div>\n\t\t\t\t<\/div>\n\t\t\t\t\t<\/div>\n\t\t<\/div>\n\t\t\t\t\t<\/div>\n\t\t<\/section>\n\t\t\t\t<section class=\"elementor-section elementor-top-section elementor-element elementor-element-a8f0432 ct-section-stretched elementor-section-full_width elementor-section-height-default elementor-section-height-default\" data-id=\"a8f0432\" data-element_type=\"section\" data-e-type=\"section\">\n\t\t\t\t\t\t<div class=\"elementor-container elementor-column-gap-default\">\n\t\t\t\t\t<div class=\"elementor-column elementor-col-100 elementor-top-column elementor-element elementor-element-095dd8b\" data-id=\"095dd8b\" data-element_type=\"column\" data-e-type=\"column\">\n\t\t\t<div class=\"elementor-widget-wrap elementor-element-populated\">\n\t\t\t\t\t\t<div class=\"elementor-element elementor-element-bba7b20 elementor-widget elementor-widget-heading\" data-id=\"bba7b20\" data-element_type=\"widget\" data-e-type=\"widget\" data-widget_type=\"heading.default\">\n\t\t\t\t<div class=\"elementor-widget-container\">\n\t\t\t\t\t<h1 class=\"elementor-heading-title elementor-size-xxl\">TECHNICAL SUPPORT ECO VENT<\/h1>\t\t\t\t<\/div>\n\t\t\t\t<\/div>\n\t\t\t\t\t<\/div>\n\t\t<\/div>\n\t\t\t\t\t<\/div>\n\t\t<\/section>\n\t\t\t\t<section class=\"elementor-section elementor-top-section elementor-element elementor-element-cfbee58 elementor-section-boxed elementor-section-height-default elementor-section-height-default\" data-id=\"cfbee58\" data-element_type=\"section\" data-e-type=\"section\">\n\t\t\t\t\t\t<div class=\"elementor-container elementor-column-gap-default\">\n\t\t\t\t\t<div class=\"elementor-column elementor-col-100 elementor-top-column elementor-element elementor-element-877ec74\" data-id=\"877ec74\" data-element_type=\"column\" data-e-type=\"column\">\n\t\t\t<div class=\"elementor-widget-wrap elementor-element-populated\">\n\t\t\t\t\t\t<div class=\"elementor-element elementor-element-e3b4828 elementor-widget elementor-widget-image\" data-id=\"e3b4828\" data-element_type=\"widget\" data-e-type=\"widget\" data-widget_type=\"image.default\">\n\t\t\t\t<div class=\"elementor-widget-container\">\n\t\t\t\t\t\t\t\t\t\t\t\t\t\t\t<img decoding=\"async\" width=\"150\" height=\"150\" src=\"https:\/\/ecovent-ks.com\/wp-content\/uploads\/2023\/01\/5930854-150x150.png\" class=\"attachment-thumbnail size-thumbnail wp-image-7145\" alt=\"\" srcset=\"https:\/\/ecovent-ks.com\/wp-content\/uploads\/2023\/01\/5930854-150x150.png 150w, https:\/\/ecovent-ks.com\/wp-content\/uploads\/2023\/01\/5930854-300x300.png 300w, https:\/\/ecovent-ks.com\/wp-content\/uploads\/2023\/01\/5930854-100x100.png 100w, https:\/\/ecovent-ks.com\/wp-content\/uploads\/2023\/01\/5930854-12x12.png 12w, https:\/\/ecovent-ks.com\/wp-content\/uploads\/2023\/01\/5930854-50x50.png 50w, https:\/\/ecovent-ks.com\/wp-content\/uploads\/2023\/01\/5930854.png 512w\" sizes=\"(max-width: 150px) 100vw, 150px\" \/>\t\t\t\t\t\t\t\t\t\t\t\t\t\t\t<\/div>\n\t\t\t\t<\/div>\n\t\t\t\t<div class=\"elementor-element elementor-element-0380fa8 content-align-cta-center elementor-widget elementor-widget-eael-cta-box\" data-id=\"0380fa8\" data-element_type=\"widget\" data-e-type=\"widget\" data-widget_type=\"eael-cta-box.default\">\n\t\t\t\t<div class=\"elementor-widget-container\">\n\t\t\t\t\t\t\t<div class=\"eael-call-to-action cta-basic bg-img cta-preset-1\">\n        <h2 class=\"title eael-cta-heading\">\u00c7FAR \u00cbSHT\u00cb DEFROST \/ Shkrirja ?<\/h2><a href=\"https:\/\/youtu.be\/q1WV2rUEau8\" class=\"cta-button cta-preset-1\" target=\"_blank\" rel=\"noopener\">ZBULO M\u00cb SHUM\u00cb<\/a>\t<\/div>\n\t\t\t\t\t\t\t\t<\/div>\n\t\t\t\t<\/div>\n\t\t\t\t\t<\/div>\n\t\t<\/div>\n\t\t\t\t\t<\/div>\n\t\t<\/section>\n\t\t\t\t<section class=\"elementor-section elementor-top-section elementor-element elementor-element-4f4dfbf elementor-section-full_width elementor-section-height-default elementor-section-height-default\" data-id=\"4f4dfbf\" data-element_type=\"section\" data-e-type=\"section\">\n\t\t\t\t\t\t<div class=\"elementor-container elementor-column-gap-default\">\n\t\t\t\t\t<div class=\"elementor-column elementor-col-50 elementor-top-column elementor-element elementor-element-4a1894a\" data-id=\"4a1894a\" data-element_type=\"column\" data-e-type=\"column\">\n\t\t\t<div class=\"elementor-widget-wrap elementor-element-populated\">\n\t\t\t\t\t\t<div class=\"elementor-element elementor-element-101588a elementor-widget elementor-widget-image\" data-id=\"101588a\" data-element_type=\"widget\" data-e-type=\"widget\" data-widget_type=\"image.default\">\n\t\t\t\t<div class=\"elementor-widget-container\">\n\t\t\t\t\t\t\t\t\t\t\t\t\t\t\t<img decoding=\"async\" src=\"https:\/\/ecovent-ks.com\/wp-content\/uploads\/elementor\/thumbs\/TECHNICAL-SUPPORT-qrvsywk3x43bysekel3h67klvio00qtoi6rozyztps.png\" title=\"TECHNICAL SUPPORT\" alt=\"TECHNICAL SUPPORT\" loading=\"lazy\" \/>\t\t\t\t\t\t\t\t\t\t\t\t\t\t\t<\/div>\n\t\t\t\t<\/div>\n\t\t\t\t<div class=\"elementor-element elementor-element-62548f9 elementor-view-framed elementor-shape-circle elementor-widget elementor-widget-icon\" data-id=\"62548f9\" data-element_type=\"widget\" data-e-type=\"widget\" data-widget_type=\"icon.default\">\n\t\t\t\t<div class=\"elementor-widget-container\">\n\t\t\t\t\t\t\t<div class=\"elementor-icon-wrapper\">\n\t\t\t<a class=\"elementor-icon elementor-animation-bounce-in\" href=\"https:\/\/www.youtube.com\/channel\/UC9p1tOREqInio1vduZnp9hw\/featured\" target=\"_blank\" rel=\"noopener\">\n\t\t\t<i aria-hidden=\"true\" class=\"fas fa-tools\"><\/i>\t\t\t<\/a>\n\t\t<\/div>\n\t\t\t\t\t\t<\/div>\n\t\t\t\t<\/div>\n\t\t\t\t\t<\/div>\n\t\t<\/div>\n\t\t\t\t<div class=\"elementor-column elementor-col-50 elementor-top-column elementor-element elementor-element-c8b2b64\" data-id=\"c8b2b64\" data-element_type=\"column\" data-e-type=\"column\">\n\t\t\t<div class=\"elementor-widget-wrap elementor-element-populated\">\n\t\t\t\t\t\t<div class=\"elementor-element elementor-element-72af4cb elementor-widget elementor-widget-image\" data-id=\"72af4cb\" data-element_type=\"widget\" data-e-type=\"widget\" data-widget_type=\"image.default\">\n\t\t\t\t<div class=\"elementor-widget-container\">\n\t\t\t\t\t\t\t\t\t\t\t\t\t\t\t<img decoding=\"async\" src=\"https:\/\/ecovent-ks.com\/wp-content\/uploads\/elementor\/thumbs\/TECHNICAL-SUPPORT-ac-qrvsywk3x43bysekel3h67klvio00qtoi6rozyztps.png\" title=\"TECHNICAL SUPPORT ac\" alt=\"TECHNICAL SUPPORT ac\" loading=\"lazy\" \/>\t\t\t\t\t\t\t\t\t\t\t\t\t\t\t<\/div>\n\t\t\t\t<\/div>\n\t\t\t\t<div class=\"elementor-element elementor-element-4b6bb24 elementor-view-framed elementor-shape-circle elementor-widget elementor-widget-icon\" data-id=\"4b6bb24\" data-element_type=\"widget\" data-e-type=\"widget\" data-widget_type=\"icon.default\">\n\t\t\t\t<div class=\"elementor-widget-container\">\n\t\t\t\t\t\t\t<div class=\"elementor-icon-wrapper\">\n\t\t\t<a class=\"elementor-icon elementor-animation-bounce-in\" href=\"https:\/\/www.youtube.com\/channel\/UC9p1tOREqInio1vduZnp9hw\/featured\" target=\"_blank\" rel=\"noopener\">\n\t\t\t<i aria-hidden=\"true\" class=\"fas fa-tools\"><\/i>\t\t\t<\/a>\n\t\t<\/div>\n\t\t\t\t\t\t<\/div>\n\t\t\t\t<\/div>\n\t\t\t\t\t<\/div>\n\t\t<\/div>\n\t\t\t\t\t<\/div>\n\t\t<\/section>\n\t\t\t\t<\/div>","protected":false},"excerpt":{"rendered":"<p>TECHNICAL SUPPORT ECO VENT \u00c7FAR \u00cbSHT\u00cb DEFROST \/ Shkrirja ? ZBULO M\u00cb SHUM\u00cb<\/p>","protected":false},"author":2,"featured_media":0,"parent":1005,"menu_order":0,"comment_status":"closed","ping_status":"closed","template":"","meta":{"footnotes":""},"class_list":["post-7131","page","type-page","status-publish","hentry"],"blocksy_meta":{"styles_descriptor":{"styles":{"desktop":"","tablet":"","mobile":""},"google_fonts":[],"version":6}},"_links":{"self":[{"href":"https:\/\/ecovent-ks.com\/sq\/wp-json\/wp\/v2\/pages\/7131","targetHints":{"allow":["GET"]}}],"collection":[{"href":"https:\/\/ecovent-ks.com\/sq\/wp-json\/wp\/v2\/pages"}],"about":[{"href":"https:\/\/ecovent-ks.com\/sq\/wp-json\/wp\/v2\/types\/page"}],"author":[{"embeddable":true,"href":"https:\/\/ecovent-ks.com\/sq\/wp-json\/wp\/v2\/users\/2"}],"replies":[{"embeddable":true,"href":"https:\/\/ecovent-ks.com\/sq\/wp-json\/wp\/v2\/comments?post=7131"}],"version-history":[{"count":5,"href":"https:\/\/ecovent-ks.com\/sq\/wp-json\/wp\/v2\/pages\/7131\/revisions"}],"predecessor-version":[{"id":7163,"href":"https:\/\/ecovent-ks.com\/sq\/wp-json\/wp\/v2\/pages\/7131\/revisions\/7163"}],"up":[{"embeddable":true,"href":"https:\/\/ecovent-ks.com\/sq\/wp-json\/wp\/v2\/pages\/1005"}],"wp:attachment":[{"href":"https:\/\/ecovent-ks.com\/sq\/wp-json\/wp\/v2\/media?parent=7131"}],"curies":[{"name":"wp","href":"https:\/\/api.w.org\/{rel}","templated":true}]}}