{"id":3102,"date":"2022-08-22T10:52:56","date_gmt":"2022-08-22T10:52:56","guid":{"rendered":"https:\/\/ecovent.com.mk\/?post_type=product&#038;p=3102"},"modified":"2022-08-22T13:04:15","modified_gmt":"2022-08-22T13:04:15","slug":"daikin-sky-air-fcag-a","status":"publish","type":"product","link":"https:\/\/ecovent-ks.com\/sq\/produkt\/daikin-sky-air-fcag-a\/","title":{"rendered":"DAIKIN SKY AIR FCAG-A"},"content":{"rendered":"<table class=\"table-prod-description\" style=\"text-align: left;border: 0px;height: 424px\" width=\"985\">\n<caption>KATEGORIT\u00cb <strong>Round flow cassette<\/strong><br \/>\n360\u00b0 air discharge for optimum efficiency and comfort<\/caption>\n<thead>\n<tr>\n<td scope=\"col\"><img decoding=\"async\" class=\"alignleft wp-image-3134\" src=\"https:\/\/ecovent.com.mk\/wp-content\/uploads\/2022\/08\/Asset-78@300x-2.png\" alt=\"\" width=\"55\" height=\"55\" srcset=\"https:\/\/ecovent-ks.com\/wp-content\/uploads\/2022\/08\/Asset-78@300x-2.png 192w, https:\/\/ecovent-ks.com\/wp-content\/uploads\/2022\/08\/Asset-78@300x-2-100x100.png 100w, https:\/\/ecovent-ks.com\/wp-content\/uploads\/2022\/08\/Asset-78@300x-2-150x150.png 150w\" sizes=\"(max-width: 55px) 100vw, 55px\" \/><\/td>\n<td><strong>Sensori i pranis\u00eb dhe i dyshemes\u00eb<\/strong><br \/>\nSensori i pranis\u00eb drejton ajrin larg personave<br \/>\nq\u00eb dallohen nga sensori n\u00eb dhom\u00eb, kur aktivizohet kontrolli i qarkullimit t\u00eb ajrit.<br \/>\nSensori i dyshemes\u00eb dikton temperatur\u00ebn mesatare t\u00eb dyshemes\u00eb dhe siguron shp\u00ebrndarje<br \/>\nt\u00eb nj\u00ebtrajtshme t\u00eb temperatur\u00ebs mes tavanit dhe dyshemes\u00eb.<\/td>\n<\/tr>\n<\/thead>\n<tbody>\n<tr>\n<td><img decoding=\"async\" class=\"alignleft wp-image-3131\" src=\"https:\/\/ecovent.com.mk\/wp-content\/uploads\/2022\/08\/Asset-75@300x-1.png\" alt=\"\" width=\"55\" height=\"55\" srcset=\"https:\/\/ecovent-ks.com\/wp-content\/uploads\/2022\/08\/Asset-75@300x-1.png 188w, https:\/\/ecovent-ks.com\/wp-content\/uploads\/2022\/08\/Asset-75@300x-1-100x100.png 100w, https:\/\/ecovent-ks.com\/wp-content\/uploads\/2022\/08\/Asset-75@300x-1-150x150.png 150w\" sizes=\"(max-width: 55px) 100vw, 55px\" \/><\/td>\n<td><strong>Funksionimi gjat\u00eb largimit nga sht\u00ebpia<\/strong><br \/>\nRuan temperatur\u00ebn e brendshme sipas nivelit t\u00eb p\u00ebrcaktuar nga ju nd\u00ebrkoh\u00eb<br \/>\nq\u00eb nuk jeni n\u00eb sht\u00ebpi, duke kursyer energji<\/td>\n<\/tr>\n<tr>\n<td><img decoding=\"async\" class=\"alignleft wp-image-3133\" src=\"https:\/\/ecovent.com.mk\/wp-content\/uploads\/2022\/08\/Asset-77@300x-1.png\" alt=\"\" width=\"55\" height=\"55\" srcset=\"https:\/\/ecovent-ks.com\/wp-content\/uploads\/2022\/08\/Asset-77@300x-1.png 188w, https:\/\/ecovent-ks.com\/wp-content\/uploads\/2022\/08\/Asset-77@300x-1-100x100.png 100w, https:\/\/ecovent-ks.com\/wp-content\/uploads\/2022\/08\/Asset-77@300x-1-150x150.png 150w\" sizes=\"(max-width: 55px) 100vw, 55px\" \/><\/td>\n<td><strong>Filt\u00ebr me pastrim automatik<\/strong><br \/>\nFiltri automatik vet\u00ebpastrohet nj\u00eb her\u00eb n\u00eb dit\u00eb. Thjesht\u00ebsia e<br \/>\nmir\u00ebmbajtjes do t\u00eb thot\u00eb efikasitet optimal i energjis\u00eb dhe komoditet maksimal pa pasur nevoj\u00eb<br \/>\np\u00ebr mir\u00ebmbajtje t\u00eb shtrenjta dhe q\u00eb marrin koh\u00eb.<br \/>\nMir\u00ebmbajtja<\/td>\n<\/tr>\n<tr>\n<td><img loading=\"lazy\" decoding=\"async\" class=\"alignleft wp-image-3130\" src=\"https:\/\/ecovent.com.mk\/wp-content\/uploads\/2022\/08\/Asset-74@300x-1.png\" alt=\"\" width=\"55\" height=\"55\" srcset=\"https:\/\/ecovent-ks.com\/wp-content\/uploads\/2022\/08\/Asset-74@300x-1.png 188w, https:\/\/ecovent-ks.com\/wp-content\/uploads\/2022\/08\/Asset-74@300x-1-100x100.png 100w, https:\/\/ecovent-ks.com\/wp-content\/uploads\/2022\/08\/Asset-74@300x-1-150x150.png 150w\" sizes=\"(max-width: 55px) 100vw, 55px\" \/><\/td>\n<td><strong>Parandalimi i korrenteve t\u00eb ajrit<\/strong><br \/>\nKur fillon t\u00eb ngrohet ose kur termostati \u00ebsht\u00eb i fikur, drejtimi i nxjerrjes s\u00eb ajrit vendoset<br \/>\nhorizontalisht dhe ventilatori vendoset n\u00eb shpejt\u00ebsi t\u00eb ul\u00ebt p\u00ebr t\u00eb parandaluar korrentet e ajrit.<br \/>\nPas ngrohjes, nxjerrja e ajrit dhe shpejt\u00ebsia<br \/>\nventilatorit vendosen sipas d\u00ebshir\u00ebs<\/td>\n<\/tr>\n<tr>\n<td><img loading=\"lazy\" decoding=\"async\" class=\"alignleft wp-image-3132\" src=\"https:\/\/ecovent.com.mk\/wp-content\/uploads\/2022\/08\/Asset-76@300x-2.png\" alt=\"\" width=\"55\" height=\"55\" srcset=\"https:\/\/ecovent-ks.com\/wp-content\/uploads\/2022\/08\/Asset-76@300x-2.png 188w, https:\/\/ecovent-ks.com\/wp-content\/uploads\/2022\/08\/Asset-76@300x-2-100x100.png 100w, https:\/\/ecovent-ks.com\/wp-content\/uploads\/2022\/08\/Asset-76@300x-2-150x150.png 150w\" sizes=\"(max-width: 55px) 100vw, 55px\" \/><\/td>\n<td><strong>Kontroll individual i flet\u00ebve<\/strong><br \/>\nKontrolli individual i flet\u00ebve p\u00ebrmes telekomanduesit me tela ju lejon t\u00eb<br \/>\nrregulloni me leht\u00ebsi pozicionin e secil\u00ebs flet\u00eb<br \/>\nindividualisht, p\u00ebr t'iu p\u00ebrshtatur \u00e7do konfigurimi t\u00eb ri n\u00eb dhom\u00eb.<br \/>\nDisponohen edhe sete opsionale mbylljeje.<\/td>\n<\/tr>\n<tr>\n<td><img loading=\"lazy\" decoding=\"async\" class=\"alignleft wp-image-3129\" src=\"https:\/\/ecovent.com.mk\/wp-content\/uploads\/2022\/08\/Asset-73@300x-1.png\" alt=\"\" width=\"55\" height=\"55\" srcset=\"https:\/\/ecovent-ks.com\/wp-content\/uploads\/2022\/08\/Asset-73@300x-1.png 188w, https:\/\/ecovent-ks.com\/wp-content\/uploads\/2022\/08\/Asset-73@300x-1-100x100.png 100w, https:\/\/ecovent-ks.com\/wp-content\/uploads\/2022\/08\/Asset-73@300x-1-150x150.png 150w\" sizes=\"(max-width: 55px) 100vw, 55px\" \/><\/td>\n<td><strong>Vet\u00ebm ventilatori<\/strong><br \/>\nThe unit can be used as fan, blowing air without heating or<br \/>\ncooling.<\/td>\n<\/tr>\n<\/tbody>\n<\/table>\n<p>&nbsp;<\/p>\n<p><a href=\"https:\/\/ecovent.com.mk\/wp-content\/uploads\/2022\/08\/BENEFITS.pdf\" target=\"_blank\" rel=\"noopener\"><img loading=\"lazy\" decoding=\"async\" class=\"alignnone wp-image-3076 size-medium\" src=\"https:\/\/ecovent.com.mk\/wp-content\/uploads\/2022\/08\/Asset-64@300x-1-223x300.png\" alt=\"\" width=\"223\" height=\"300\" srcset=\"https:\/\/ecovent-ks.com\/wp-content\/uploads\/2022\/08\/Asset-64@300x-1-223x300.png 223w, https:\/\/ecovent-ks.com\/wp-content\/uploads\/2022\/08\/Asset-64@300x-1-300x403.png 300w, https:\/\/ecovent-ks.com\/wp-content\/uploads\/2022\/08\/Asset-64@300x-1-600x806.png 600w, https:\/\/ecovent-ks.com\/wp-content\/uploads\/2022\/08\/Asset-64@300x-1-762x1024.png 762w, https:\/\/ecovent-ks.com\/wp-content\/uploads\/2022\/08\/Asset-64@300x-1-768x1032.png 768w, https:\/\/ecovent-ks.com\/wp-content\/uploads\/2022\/08\/Asset-64@300x-1.png 813w\" sizes=\"(max-width: 223px) 100vw, 223px\" \/><\/a><\/p>","protected":false},"excerpt":{"rendered":"<p><img loading=\"lazy\" decoding=\"async\" class=\"alignleft wp-image-2519 size-medium\" src=\"https:\/\/ecovent.com.mk\/wp-content\/uploads\/2022\/08\/Asset-63@300x-300x70.png\" alt=\"\" width=\"300\" height=\"70\" srcset=\"https:\/\/ecovent-ks.com\/wp-content\/uploads\/2022\/08\/Asset-63@300x-300x70.png 300w, https:\/\/ecovent-ks.com\/wp-content\/uploads\/2022\/08\/Asset-63@300x-600x139.png 600w, https:\/\/ecovent-ks.com\/wp-content\/uploads\/2022\/08\/Asset-63@300x-1024x238.png 1024w, https:\/\/ecovent-ks.com\/wp-content\/uploads\/2022\/08\/Asset-63@300x-768x178.png 768w, https:\/\/ecovent-ks.com\/wp-content\/uploads\/2022\/08\/Asset-63@300x.png 1026w\" sizes=\"(max-width: 300px) 100vw, 300px\" \/><\/p>","protected":false},"featured_media":3174,"comment_status":"closed","ping_status":"closed","template":"","meta":[],"product_brand":[],"product_cat":[56],"product_tag":[],"class_list":{"0":"post-3102","1":"product","2":"type-product","3":"status-publish","4":"has-post-thumbnail","6":"product_cat-sky-air","8":"first","9":"instock","10":"shipping-taxable","11":"purchasable","12":"product-type-variable"},"_links":{"self":[{"href":"https:\/\/ecovent-ks.com\/sq\/wp-json\/wp\/v2\/product\/3102","targetHints":{"allow":["GET"]}}],"collection":[{"href":"https:\/\/ecovent-ks.com\/sq\/wp-json\/wp\/v2\/product"}],"about":[{"href":"https:\/\/ecovent-ks.com\/sq\/wp-json\/wp\/v2\/types\/product"}],"replies":[{"embeddable":true,"href":"https:\/\/ecovent-ks.com\/sq\/wp-json\/wp\/v2\/comments?post=3102"}],"wp:featuredmedia":[{"embeddable":true,"href":"https:\/\/ecovent-ks.com\/sq\/wp-json\/wp\/v2\/media\/3174"}],"wp:attachment":[{"href":"https:\/\/ecovent-ks.com\/sq\/wp-json\/wp\/v2\/media?parent=3102"}],"wp:term":[{"taxonomy":"product_brand","embeddable":true,"href":"https:\/\/ecovent-ks.com\/sq\/wp-json\/wp\/v2\/product_brand?post=3102"},{"taxonomy":"product_cat","embeddable":true,"href":"https:\/\/ecovent-ks.com\/sq\/wp-json\/wp\/v2\/product_cat?post=3102"},{"taxonomy":"product_tag","embeddable":true,"href":"https:\/\/ecovent-ks.com\/sq\/wp-json\/wp\/v2\/product_tag?post=3102"}],"curies":[{"name":"wp","href":"https:\/\/api.w.org\/{rel}","templated":true}]}}