{"id":3200,"date":"2022-08-22T12:46:40","date_gmt":"2022-08-22T12:46:40","guid":{"rendered":"https:\/\/ecovent.com.mk\/?post_type=product&#038;p=3200"},"modified":"2022-08-22T13:02:00","modified_gmt":"2022-08-22T13:02:00","slug":"daikin-sky-air-fna-a","status":"publish","type":"product","link":"https:\/\/ecovent-ks.com\/sq\/produkt\/daikin-sky-air-fna-a\/","title":{"rendered":"DAIKIN SKY AIR FNA-A"},"content":{"rendered":"<table class=\"table-prod-description\" style=\"text-align: left;border: 0px;height: 744px\" width=\"435\">\n<caption>KATEGORIT\u00cb <strong>Concealed floor standing unit<\/strong><br \/>\nDesigned to be concealed in walls<\/caption>\n<thead>\n<tr>\n<td scope=\"col\"><img decoding=\"async\" class=\"alignleft wp-image-3131\" src=\"https:\/\/ecovent.com.mk\/wp-content\/uploads\/2022\/08\/Asset-75@300x-1.png\" alt=\"\" width=\"55\" height=\"55\" srcset=\"https:\/\/ecovent-ks.com\/wp-content\/uploads\/2022\/08\/Asset-75@300x-1.png 188w, https:\/\/ecovent-ks.com\/wp-content\/uploads\/2022\/08\/Asset-75@300x-1-100x100.png 100w, https:\/\/ecovent-ks.com\/wp-content\/uploads\/2022\/08\/Asset-75@300x-1-150x150.png 150w\" sizes=\"(max-width: 55px) 100vw, 55px\" \/><\/td>\n<td>\n<strong>Funksionimi gjat\u00eb largimit nga sht\u00ebpia<\/strong><br \/>\nRuan temperatur\u00ebn e brendshme sipas nivelit t\u00eb p\u00ebrcaktuar nga ju nd\u00ebrkoh\u00eb<br \/>\nq\u00eb nuk jeni n\u00eb sht\u00ebpi, duke kursyer energji<\/td>\n<\/tr>\n<\/thead>\n<tbody>\n<tr>\n<td><img decoding=\"async\" class=\"alignleft wp-image-3129\" src=\"https:\/\/ecovent.com.mk\/wp-content\/uploads\/2022\/08\/Asset-73@300x-1.png\" alt=\"\" width=\"55\" height=\"55\" srcset=\"https:\/\/ecovent-ks.com\/wp-content\/uploads\/2022\/08\/Asset-73@300x-1.png 188w, https:\/\/ecovent-ks.com\/wp-content\/uploads\/2022\/08\/Asset-73@300x-1-100x100.png 100w, https:\/\/ecovent-ks.com\/wp-content\/uploads\/2022\/08\/Asset-73@300x-1-150x150.png 150w\" sizes=\"(max-width: 55px) 100vw, 55px\" \/><\/td>\n<td><strong>Vet\u00ebm ventilatori<\/strong><br \/>\nThe unit can be used as fan, blowing air without heating or<br \/>\ncooling.<\/td>\n<\/tr>\n<tr>\n<td><img decoding=\"async\" class=\"alignleft wp-image-3226\" src=\"https:\/\/ecovent.com.mk\/wp-content\/uploads\/2022\/08\/Asset-196@300x.png\" alt=\"\" width=\"55\" height=\"55\" srcset=\"https:\/\/ecovent-ks.com\/wp-content\/uploads\/2022\/08\/Asset-196@300x.png 188w, https:\/\/ecovent-ks.com\/wp-content\/uploads\/2022\/08\/Asset-196@300x-100x100.png 100w, https:\/\/ecovent-ks.com\/wp-content\/uploads\/2022\/08\/Asset-196@300x-150x150.png 150w\" sizes=\"(max-width: 55px) 100vw, 55px\" \/><\/td>\n<td><strong> Kalimi automatik ftohje-ngrohje<\/strong><br \/>\nP\u00ebrzgjedh automatikisht modalitetin e ngrohjes ose t\u00eb ftohjes p\u00ebr t\u00eb arritur temperatur\u00ebn e p\u00ebrcaktuar.<\/td>\n<\/tr>\n<tr>\n<td><img loading=\"lazy\" decoding=\"async\" class=\"alignleft wp-image-3227\" src=\"https:\/\/ecovent.com.mk\/wp-content\/uploads\/2022\/08\/Asset-197@300x.png\" alt=\"\" width=\"55\" height=\"56\" srcset=\"https:\/\/ecovent-ks.com\/wp-content\/uploads\/2022\/08\/Asset-197@300x.png 188w, https:\/\/ecovent-ks.com\/wp-content\/uploads\/2022\/08\/Asset-197@300x-100x100.png 100w, https:\/\/ecovent-ks.com\/wp-content\/uploads\/2022\/08\/Asset-197@300x-150x150.png 150w\" sizes=\"(max-width: 55px) 100vw, 55px\" \/><\/td>\n<td><strong> Shkall\u00ebt e shpejt\u00ebsis\u00eb s\u00eb ventilatorit (2 shkall\u00eb)<\/strong><br \/>\nLejon p\u00ebrzgjedhjen e shpejt\u00ebsis\u00eb s\u00eb ventilatorit deri n\u00eb numrin e dh\u00ebn\u00eb.<\/td>\n<\/tr>\n<tr>\n<td><img loading=\"lazy\" decoding=\"async\" class=\"alignleft wp-image-3229\" src=\"https:\/\/ecovent.com.mk\/wp-content\/uploads\/2022\/08\/cq5dam.thumbnail.140.100-6.png\" alt=\"\" width=\"55\" height=\"55\" \/><\/td>\n<td><strong>Programi i tharjes<\/strong><br \/>\nLejon q\u00eb nivelet e lag\u00ebshtis\u00eb t\u00eb ulen pa ndikuar n\u00eb temperatur\u00ebn e dhom\u00ebs.<\/td>\n<\/tr>\n<tr>\n<td><img loading=\"lazy\" decoding=\"async\" class=\"alignleft wp-image-3228\" src=\"https:\/\/ecovent.com.mk\/wp-content\/uploads\/2022\/08\/Asset-199@300x.png\" alt=\"\" width=\"55\" height=\"55\" srcset=\"https:\/\/ecovent-ks.com\/wp-content\/uploads\/2022\/08\/Asset-199@300x.png 188w, https:\/\/ecovent-ks.com\/wp-content\/uploads\/2022\/08\/Asset-199@300x-100x100.png 100w, https:\/\/ecovent-ks.com\/wp-content\/uploads\/2022\/08\/Asset-199@300x-150x150.png 150w\" sizes=\"(max-width: 55px) 100vw, 55px\" \/><\/td>\n<td><strong>Filt\u00ebr ajri<\/strong><br \/>\nLargon grimcat e pluhurit n\u00eb aj\u00ebr duke siguruar nj\u00eb furnizim t\u00eb vazhduesh\u00ebm<br \/>\nme aj\u00ebr t\u00eb past\u00ebr.<\/td>\n<\/tr>\n<\/tbody>\n<\/table>\n<p>&nbsp;<\/p>\n<p><a href=\"https:\/\/ecovent.com.mk\/wp-content\/uploads\/2022\/08\/BENEFITS.pdf\" target=\"_blank\" rel=\"noopener\"><img loading=\"lazy\" decoding=\"async\" class=\"alignnone wp-image-3076 size-medium\" src=\"https:\/\/ecovent.com.mk\/wp-content\/uploads\/2022\/08\/Asset-64@300x-1-223x300.png\" alt=\"\" width=\"223\" height=\"300\" srcset=\"https:\/\/ecovent-ks.com\/wp-content\/uploads\/2022\/08\/Asset-64@300x-1-223x300.png 223w, https:\/\/ecovent-ks.com\/wp-content\/uploads\/2022\/08\/Asset-64@300x-1-300x403.png 300w, https:\/\/ecovent-ks.com\/wp-content\/uploads\/2022\/08\/Asset-64@300x-1-600x806.png 600w, https:\/\/ecovent-ks.com\/wp-content\/uploads\/2022\/08\/Asset-64@300x-1-762x1024.png 762w, https:\/\/ecovent-ks.com\/wp-content\/uploads\/2022\/08\/Asset-64@300x-1-768x1032.png 768w, https:\/\/ecovent-ks.com\/wp-content\/uploads\/2022\/08\/Asset-64@300x-1.png 813w\" sizes=\"(max-width: 223px) 100vw, 223px\" \/><\/a><\/p>","protected":false},"excerpt":{"rendered":"<p><img loading=\"lazy\" decoding=\"async\" class=\"alignleft wp-image-2519 size-medium\" src=\"https:\/\/ecovent.com.mk\/wp-content\/uploads\/2022\/08\/Asset-63@300x-300x70.png\" alt=\"\" width=\"300\" height=\"70\" srcset=\"https:\/\/ecovent-ks.com\/wp-content\/uploads\/2022\/08\/Asset-63@300x-300x70.png 300w, https:\/\/ecovent-ks.com\/wp-content\/uploads\/2022\/08\/Asset-63@300x-600x139.png 600w, https:\/\/ecovent-ks.com\/wp-content\/uploads\/2022\/08\/Asset-63@300x-1024x238.png 1024w, https:\/\/ecovent-ks.com\/wp-content\/uploads\/2022\/08\/Asset-63@300x-768x178.png 768w, https:\/\/ecovent-ks.com\/wp-content\/uploads\/2022\/08\/Asset-63@300x.png 1026w\" sizes=\"(max-width: 300px) 100vw, 300px\" \/><\/p>","protected":false},"featured_media":3223,"comment_status":"closed","ping_status":"closed","template":"","meta":[],"product_brand":[],"product_cat":[56],"product_tag":[],"class_list":{"0":"post-3200","1":"product","2":"type-product","3":"status-publish","4":"has-post-thumbnail","6":"product_cat-sky-air","8":"first","9":"instock","10":"shipping-taxable","11":"purchasable","12":"product-type-variable"},"_links":{"self":[{"href":"https:\/\/ecovent-ks.com\/sq\/wp-json\/wp\/v2\/product\/3200","targetHints":{"allow":["GET"]}}],"collection":[{"href":"https:\/\/ecovent-ks.com\/sq\/wp-json\/wp\/v2\/product"}],"about":[{"href":"https:\/\/ecovent-ks.com\/sq\/wp-json\/wp\/v2\/types\/product"}],"replies":[{"embeddable":true,"href":"https:\/\/ecovent-ks.com\/sq\/wp-json\/wp\/v2\/comments?post=3200"}],"wp:featuredmedia":[{"embeddable":true,"href":"https:\/\/ecovent-ks.com\/sq\/wp-json\/wp\/v2\/media\/3223"}],"wp:attachment":[{"href":"https:\/\/ecovent-ks.com\/sq\/wp-json\/wp\/v2\/media?parent=3200"}],"wp:term":[{"taxonomy":"product_brand","embeddable":true,"href":"https:\/\/ecovent-ks.com\/sq\/wp-json\/wp\/v2\/product_brand?post=3200"},{"taxonomy":"product_cat","embeddable":true,"href":"https:\/\/ecovent-ks.com\/sq\/wp-json\/wp\/v2\/product_cat?post=3200"},{"taxonomy":"product_tag","embeddable":true,"href":"https:\/\/ecovent-ks.com\/sq\/wp-json\/wp\/v2\/product_tag?post=3200"}],"curies":[{"name":"wp","href":"https:\/\/api.w.org\/{rel}","templated":true}]}}