{"id":3378,"date":"2022-08-23T10:21:05","date_gmt":"2022-08-23T10:21:05","guid":{"rendered":"https:\/\/ecovent.com.mk\/?post_type=product&#038;p=3378"},"modified":"2024-05-31T07:51:43","modified_gmt":"2024-05-31T07:51:43","slug":"perfera-fvxm-a","status":"publish","type":"product","link":"https:\/\/ecovent-ks.com\/sq\/produkt\/perfera-fvxm-a\/","title":{"rendered":"PERFERA &#8211; FVXM-A9"},"content":{"rendered":"<table class=\"table-prod-description\" style=\"text-align: left; border: 0; border-width: 0;\" width=\"985\">\n<caption>CATEGORIES: Split Systems PERFERA Floor Standing Units<\/caption>\n<thead>\n<tr>\n<td scope=\"col\"><img decoding=\"async\" class=\"alignnone wp-image-3397\" src=\"https:\/\/ecovent.com.mk\/wp-content\/uploads\/2022\/08\/Asset-763@72x.png\" alt=\"\" width=\"55\" height=\"55\" \/><\/td>\n<td>Ngrohja nga dyshemeja<br \/>\nOptimizon konveksionin duke shp\u00ebrndar\u00eb ajrin e ngroht\u00eb nga posht\u00eb nj\u00ebsis\u00eb<\/td>\n<\/tr>\n<\/thead>\n<tbody>\n<tr>\n<td><img decoding=\"async\" class=\"alignnone wp-image-3398\" src=\"https:\/\/ecovent.com.mk\/wp-content\/uploads\/2022\/08\/Asset-764@72x.png\" alt=\"\" width=\"55\" height=\"55\" \/><\/td>\n<td>Heat boost<br \/>\nQuickly heats up your home when starting up your air conditioner. Set temperature is<br \/>\nreached 20% faster than a regular air conditioner (pair only).<\/td>\n<\/tr>\n<tr>\n<td><img decoding=\"async\" class=\"alignnone wp-image-3399\" src=\"https:\/\/ecovent.com.mk\/wp-content\/uploads\/2022\/08\/Asset-765@72x.png\" alt=\"\" width=\"55\" height=\"55\" \/><\/td>\n<td>Ngrohja plus<br \/>\nOfron 30 minuta me ngrohje komode duke simuluar ngrohjen me rrezatim<\/td>\n<\/tr>\n<tr>\n<td><img loading=\"lazy\" decoding=\"async\" class=\"alignnone wp-image-1566\" src=\"https:\/\/ecovent.com.mk\/wp-content\/uploads\/2022\/06\/PICTO-1.png\" alt=\"\" width=\"55\" height=\"55\" \/><\/td>\n<td>Aplikacioni Onecta (opsional)<\/p>\n<p>Kontrolloni klim\u00ebn tuaj t\u00eb brendshme nga \u00e7do vendndodhje p\u00ebrmes smartfonit ose tabletit<\/td>\n<\/tr>\n<tr>\n<td><img loading=\"lazy\" decoding=\"async\" class=\"alignnone wp-image-2842\" src=\"https:\/\/ecovent.com.mk\/wp-content\/uploads\/2022\/08\/Asset-19@72x.png\" alt=\"\" width=\"55\" height=\"55\" \/><\/td>\n<td>Kursimi i energjis\u00eb n\u00eb modalitetin e pritjes<br \/>\nRedukton konsumin e energjis\u00eb deri n\u00eb 80% kur q\u00ebndron n\u00eb modalitetin e pritjes.<\/td>\n<\/tr>\n<tr>\n<td><img loading=\"lazy\" decoding=\"async\" class=\"alignnone wp-image-2869\" src=\"https:\/\/ecovent.com.mk\/wp-content\/uploads\/2022\/08\/Asset-23@72x-1.png\" alt=\"\" width=\"55\" height=\"55\" \/><\/td>\n<td class=\"translation-block\">Modaliteti ekonomik\n\nZvog\u00eblon konsumin e energjis\u00eb n\u00eb m\u00ebnyr\u00eb q\u00eb pajisjet e tjera q\u00eb kan\u00eb nevoj\u00eb p\u00ebr konsum t\u00eb madh t\u00eb energjis\u00eb\nmund te perdoren. Ky funksion gjithashtu kursen energji.<\/td>\n<\/tr>\n<\/tbody>\n<\/table>","protected":false},"excerpt":{"rendered":"<div class=\"wpforms-container \" id=\"wpforms-2127\">\n<form id=\"wpforms-form-2127\" class=\"wpforms-validate wpforms-form wpforms-ajax-form\" data-formid=\"2127\" method=\"post\" enctype=\"multipart\/form-data\" action=\"\/sq\/wp-json\/wp\/v2\/product\/3378\" data-token=\"a97a66a6704245883c37b2d243297a8f\" data-token-time=\"1776671064\"><noscript class=\"wpforms-error-noscript\">Please enable JavaScript in your browser to complete this form.<\/noscript><\/p>\n<div class=\"wpforms-field-container\">\n<div id=\"wpforms-2127-field_0-container\" class=\"wpforms-field wpforms-field-name\" data-field-id=\"0\"><label class=\"wpforms-field-label\" for=\"wpforms-2127-field_0\">Name <span class=\"wpforms-required-label\">*<\/span><\/label><input type=\"text\" id=\"wpforms-2127-field_0\" class=\"wpforms-field-medium wpforms-field-required\" name=\"wpforms[fields][0]\" required><\/div>\n<div id=\"wpforms-2127-field_1-container\" class=\"wpforms-field wpforms-field-email\" data-field-id=\"1\"><label class=\"wpforms-field-label\" for=\"wpforms-2127-field_1\">Email <span class=\"wpforms-required-label\">*<\/span><\/label><input type=\"email\" id=\"wpforms-2127-field_1\" class=\"wpforms-field-medium wpforms-field-required\" name=\"wpforms[fields][1]\" spellcheck=\"false\" required><\/div>\n<div id=\"wpforms-2127-field_2-container\" class=\"wpforms-field wpforms-field-textarea\" data-field-id=\"2\"><label class=\"wpforms-field-label\" for=\"wpforms-2127-field_2\">Message <span class=\"wpforms-required-label\">*<\/span><\/label><textarea id=\"wpforms-2127-field_2\" class=\"wpforms-field-medium wpforms-field-required\" name=\"wpforms[fields][2]\" required><\/textarea><\/div>\n<\/div>\n<p><!-- .wpforms-field-container --><br \/>\n\t\t\t<script>\n\t\t\tif ( typeof huOptions !== 'undefined' ) {\n\t\t\t\tvar huFormData = {\"source\":\"wpforms\",\"id\":2127,\"title\":\"Product Contact Form\",\"fields\":{\"subject\":{\"first_name\":\"\",\"last_name\":\"\"}}};\n\t\t\t\tvar huFormNode = document.querySelector( '[id=\"wpforms-2127\"] form' );<\/p>\n<p>\t\t\t\tvar firstName = huFormNode.querySelector( 'input.wpforms-field-name-first' );\n\t\t\t\tvar lastName = huFormNode.querySelector( 'input.wpforms-field-name-last' );<\/p>\n<p>\t\t\t\tif ( firstName )\n\t\t\t\t\thuFormData['fields']['subject']['first_name'] = firstName.getAttribute( 'name' );<\/p>\n<p>\t\t\t\tif ( lastName )\n\t\t\t\t\thuFormData['fields']['subject']['last_name'] = lastName.getAttribute( 'name' );<\/p>\n<p>\t\t\t\thuFormData['node'] = huFormNode;\n\t\t\t\thuOptions['forms'].push( huFormData );\n\t\t\t}\n\t\t\t<\/script><\/p>\n<div class=\"wpforms-submit-container\" ><input type=\"hidden\" name=\"wpforms[id]\" value=\"2127\"><input type=\"hidden\" name=\"page_title\" value=\"\"><input type=\"hidden\" name=\"page_url\" value=\"https:\/\/ecovent-ks.com\/sq\/wp-json\/wp\/v2\/product\/3378\"><input type=\"hidden\" name=\"url_referer\" value=\"\"><button type=\"submit\" name=\"wpforms[submit]\" id=\"wpforms-submit-2127\" class=\"wpforms-submit\" data-alt-text=\"Sending...\" data-submit-text=\"Submit\" aria-live=\"assertive\" value=\"wpforms-submit\">Submit<\/button><img loading=\"lazy\" decoding=\"async\" src=\"https:\/\/ecovent-ks.com\/wp-content\/plugins\/wpforms-lite\/assets\/images\/submit-spin.svg\" class=\"wpforms-submit-spinner\" style=\"display: none;\" width=\"26\" height=\"26\" alt=\"Loading\"><\/div>\n<\/form>\n<\/div>\n<p>  <!-- .wpforms-container --><\/p>\n<p>Price is with 18% VAT<\/p>\n<p>*The price does not include installation and additional elements for installation<\/p>\n<p><img loading=\"lazy\" decoding=\"async\" class=\"alignnone size-medium wp-image-2519\" src=\"https:\/\/ecovent.com.mk\/wp-content\/uploads\/2022\/08\/Asset-63@300x-300x70.png\" alt=\"\" width=\"300\" height=\"70\" srcset=\"https:\/\/ecovent-ks.com\/wp-content\/uploads\/2022\/08\/Asset-63@300x-300x70.png 300w, https:\/\/ecovent-ks.com\/wp-content\/uploads\/2022\/08\/Asset-63@300x-600x139.png 600w, https:\/\/ecovent-ks.com\/wp-content\/uploads\/2022\/08\/Asset-63@300x-1024x238.png 1024w, https:\/\/ecovent-ks.com\/wp-content\/uploads\/2022\/08\/Asset-63@300x-768x178.png 768w, https:\/\/ecovent-ks.com\/wp-content\/uploads\/2022\/08\/Asset-63@300x.png 1026w\" sizes=\"(max-width: 300px) 100vw, 300px\" \/><\/p>\n","protected":false},"featured_media":3557,"comment_status":"closed","ping_status":"closed","template":"","meta":[],"product_brand":[],"product_cat":[28],"product_tag":[],"class_list":{"0":"post-3378","1":"product","2":"type-product","3":"status-publish","4":"has-post-thumbnail","6":"product_cat-air-condition","8":"first","9":"instock","10":"shipping-taxable","11":"purchasable","12":"product-type-variable"},"_links":{"self":[{"href":"https:\/\/ecovent-ks.com\/sq\/wp-json\/wp\/v2\/product\/3378","targetHints":{"allow":["GET"]}}],"collection":[{"href":"https:\/\/ecovent-ks.com\/sq\/wp-json\/wp\/v2\/product"}],"about":[{"href":"https:\/\/ecovent-ks.com\/sq\/wp-json\/wp\/v2\/types\/product"}],"replies":[{"embeddable":true,"href":"https:\/\/ecovent-ks.com\/sq\/wp-json\/wp\/v2\/comments?post=3378"}],"wp:featuredmedia":[{"embeddable":true,"href":"https:\/\/ecovent-ks.com\/sq\/wp-json\/wp\/v2\/media\/3557"}],"wp:attachment":[{"href":"https:\/\/ecovent-ks.com\/sq\/wp-json\/wp\/v2\/media?parent=3378"}],"wp:term":[{"taxonomy":"product_brand","embeddable":true,"href":"https:\/\/ecovent-ks.com\/sq\/wp-json\/wp\/v2\/product_brand?post=3378"},{"taxonomy":"product_cat","embeddable":true,"href":"https:\/\/ecovent-ks.com\/sq\/wp-json\/wp\/v2\/product_cat?post=3378"},{"taxonomy":"product_tag","embeddable":true,"href":"https:\/\/ecovent-ks.com\/sq\/wp-json\/wp\/v2\/product_tag?post=3378"}],"curies":[{"name":"wp","href":"https:\/\/api.w.org\/{rel}","templated":true}]}}