{"id":3696,"date":"2022-08-24T09:58:09","date_gmt":"2022-08-24T09:58:09","guid":{"rendered":"https:\/\/ecovent.com.mk\/?post_type=product&#038;p=3696"},"modified":"2022-09-25T17:20:03","modified_gmt":"2022-09-25T17:20:03","slug":"madoka-brc1h519w-brc1h519s-brc1h519b","status":"publish","type":"product","link":"https:\/\/ecovent-ks.com\/sq\/produkt\/madoka-brc1h519w-brc1h519s-brc1h519b\/","title":{"rendered":"MADOKA &#8211; BRC1H519W | BRC1H519S |  BRC1H519B"},"content":{"rendered":"<table class=\"table-prod-description\" style=\"text-align: left; border: 0; border-width: 0;\" width=\"985\">\n<caption>CATEGORIES: Daikin Controllers MADOKA<\/caption>\n<thead>\n<tr>\n<td scope=\"col\"><img decoding=\"async\" class=\"alignnone wp-image-3275\" src=\"https:\/\/ecovent.com.mk\/wp-content\/uploads\/2022\/08\/cq5dam.thumbnail.140.100-3.png\" alt=\"\" width=\"55\" height=\"55\" \/><\/td>\n<td>Funksionimi gjat\u00eb largimit nga sht\u00ebpia<br \/>\nMaintains the indoor temperature at your specified comfort level during absence, thus saving energy.<\/td>\n<\/tr>\n<\/thead>\n<tbody>\n<tr>\n<td><img decoding=\"async\" class=\"alignnone wp-image-3724\" src=\"https:\/\/ecovent.com.mk\/wp-content\/uploads\/2022\/08\/Asset-161.jpg\" alt=\"\" width=\"55\" height=\"55\" srcset=\"https:\/\/ecovent-ks.com\/wp-content\/uploads\/2022\/08\/Asset-161.jpg 163w, https:\/\/ecovent-ks.com\/wp-content\/uploads\/2022\/08\/Asset-161-100x100.jpg 100w, https:\/\/ecovent-ks.com\/wp-content\/uploads\/2022\/08\/Asset-161-150x150.jpg 150w\" sizes=\"(max-width: 55px) 100vw, 55px\" \/><\/td>\n<td>Weekly timer<\/p>\n<p>Can be set to start heating or cooling anytime on a daily or weekly basis\u00a0 flow enables better temperature distribution throughout<\/p>\n<p>the room.<\/td>\n<\/tr>\n<tr>\n<td><img decoding=\"async\" class=\"alignnone wp-image-3725\" src=\"https:\/\/ecovent.com.mk\/wp-content\/uploads\/2022\/08\/Asset-162.jpg\" alt=\"\" width=\"55\" height=\"55\" srcset=\"https:\/\/ecovent-ks.com\/wp-content\/uploads\/2022\/08\/Asset-162.jpg 173w, https:\/\/ecovent-ks.com\/wp-content\/uploads\/2022\/08\/Asset-162-100x100.jpg 100w, https:\/\/ecovent-ks.com\/wp-content\/uploads\/2022\/08\/Asset-162-150x150.jpg 150w\" sizes=\"(max-width: 55px) 100vw, 55px\" \/><\/td>\n<td>Infrastructure cooling<br \/>\nRemove in a reliable, efficient and flexible way the heat constantly generated by the IT and server equipment to ensure maximum uptime while offering the best return on investment.<\/td>\n<\/tr>\n<tr>\n<td><img loading=\"lazy\" decoding=\"async\" class=\"alignnone wp-image-3726\" src=\"https:\/\/ecovent.com.mk\/wp-content\/uploads\/2022\/08\/Asset-163-3.jpg\" alt=\"\" width=\"55\" height=\"55\" srcset=\"https:\/\/ecovent-ks.com\/wp-content\/uploads\/2022\/08\/Asset-163-3.jpg 175w, https:\/\/ecovent-ks.com\/wp-content\/uploads\/2022\/08\/Asset-163-3-100x100.jpg 100w, https:\/\/ecovent-ks.com\/wp-content\/uploads\/2022\/08\/Asset-163-3-150x150.jpg 150w\" sizes=\"(max-width: 55px) 100vw, 55px\" \/><\/td>\n<td>Wired remote control<br \/>\nStarts, stops and regulates the air conditioner.<\/td>\n<\/tr>\n<tr>\n<td><\/td>\n<td><\/td>\n<\/tr>\n<tr>\n<td><\/td>\n<td><\/td>\n<\/tr>\n<\/tbody>\n<\/table>","protected":false},"excerpt":{"rendered":"<p>\u00c7mimi \u00ebsht\u00eb me 18 % TVSH<\/p>\n<p>* N\u00eb \u00e7mim nuk p\u00ebrfshihet montimi dhe elementet shtes\u00eb p\u00ebr montim<\/p>\n<p><img loading=\"lazy\" decoding=\"async\" class=\"alignnone size-medium wp-image-2519\" src=\"https:\/\/ecovent.com.mk\/wp-content\/uploads\/2022\/08\/Asset-63@300x-300x70.png\" alt=\"\" width=\"300\" height=\"70\" srcset=\"https:\/\/ecovent-ks.com\/wp-content\/uploads\/2022\/08\/Asset-63@300x-300x70.png 300w, https:\/\/ecovent-ks.com\/wp-content\/uploads\/2022\/08\/Asset-63@300x-600x139.png 600w, https:\/\/ecovent-ks.com\/wp-content\/uploads\/2022\/08\/Asset-63@300x-1024x238.png 1024w, https:\/\/ecovent-ks.com\/wp-content\/uploads\/2022\/08\/Asset-63@300x-768x178.png 768w, https:\/\/ecovent-ks.com\/wp-content\/uploads\/2022\/08\/Asset-63@300x.png 1026w\" sizes=\"(max-width: 300px) 100vw, 300px\" \/><\/p>","protected":false},"featured_media":3716,"comment_status":"open","ping_status":"closed","template":"","meta":[],"product_brand":[],"product_cat":[53],"product_tag":[],"class_list":{"0":"post-3696","1":"product","2":"type-product","3":"status-publish","4":"has-post-thumbnail","6":"product_cat-controllers","8":"first","9":"instock","10":"shipping-taxable","11":"product-type-simple"},"_links":{"self":[{"href":"https:\/\/ecovent-ks.com\/sq\/wp-json\/wp\/v2\/product\/3696","targetHints":{"allow":["GET"]}}],"collection":[{"href":"https:\/\/ecovent-ks.com\/sq\/wp-json\/wp\/v2\/product"}],"about":[{"href":"https:\/\/ecovent-ks.com\/sq\/wp-json\/wp\/v2\/types\/product"}],"replies":[{"embeddable":true,"href":"https:\/\/ecovent-ks.com\/sq\/wp-json\/wp\/v2\/comments?post=3696"}],"wp:featuredmedia":[{"embeddable":true,"href":"https:\/\/ecovent-ks.com\/sq\/wp-json\/wp\/v2\/media\/3716"}],"wp:attachment":[{"href":"https:\/\/ecovent-ks.com\/sq\/wp-json\/wp\/v2\/media?parent=3696"}],"wp:term":[{"taxonomy":"product_brand","embeddable":true,"href":"https:\/\/ecovent-ks.com\/sq\/wp-json\/wp\/v2\/product_brand?post=3696"},{"taxonomy":"product_cat","embeddable":true,"href":"https:\/\/ecovent-ks.com\/sq\/wp-json\/wp\/v2\/product_cat?post=3696"},{"taxonomy":"product_tag","embeddable":true,"href":"https:\/\/ecovent-ks.com\/sq\/wp-json\/wp\/v2\/product_tag?post=3696"}],"curies":[{"name":"wp","href":"https:\/\/api.w.org\/{rel}","templated":true}]}}