{"id":3831,"date":"2022-08-24T13:15:35","date_gmt":"2022-08-24T13:15:35","guid":{"rendered":"https:\/\/ecovent.com.mk\/?post_type=product&#038;p=3831"},"modified":"2022-09-25T12:41:19","modified_gmt":"2022-09-25T12:41:19","slug":"onecta-app","status":"publish","type":"product","link":"https:\/\/ecovent-ks.com\/sq\/produkt\/onecta-app\/","title":{"rendered":"ONECTA  APP"},"content":{"rendered":"<table class=\"table-prod-description\" style=\"text-align: left; border: 0px; height: 187px;\" width=\"980\">\n<caption>KATEGORIT\u00cb: KONTROLL\u00cb, DAKIN APPLICATION<\/caption>\n<thead>\n<tr>\n<td scope=\"col\">\u00a0 \u00a0 \u00a0 \u00a0 \u00a0 <img decoding=\"async\" class=\"alignnone wp-image-2564\" src=\"https:\/\/ecovent.com.mk\/wp-content\/uploads\/2022\/08\/Asset-76@300x.png\" alt=\"\" width=\"55\" height=\"55\" srcset=\"https:\/\/ecovent-ks.com\/wp-content\/uploads\/2022\/08\/Asset-76@300x.png 185w, https:\/\/ecovent-ks.com\/wp-content\/uploads\/2022\/08\/Asset-76@300x-100x100.png 100w, https:\/\/ecovent-ks.com\/wp-content\/uploads\/2022\/08\/Asset-76@300x-150x150.png 150w\" sizes=\"(max-width: 55px) 100vw, 55px\" \/><\/td>\n<td>Kontrolloni sistemin tuaj dhe shijoni komoditetin maksimal vet\u00ebm duke p\u00ebrdorur z\u00ebrin tuaj.<\/td>\n<\/tr>\n<\/thead>\n<tbody>\n<tr>\n<td><img decoding=\"async\" class=\"alignnone wp-image-3993\" src=\"https:\/\/ecovent.com.mk\/wp-content\/uploads\/2022\/08\/png1-164x300.png\" alt=\"\" width=\"150\" height=\"274\" srcset=\"https:\/\/ecovent-ks.com\/wp-content\/uploads\/2022\/08\/png1-164x300.png 164w, https:\/\/ecovent-ks.com\/wp-content\/uploads\/2022\/08\/png1-300x548.png 300w, https:\/\/ecovent-ks.com\/wp-content\/uploads\/2022\/08\/png1-600x1096.png 600w, https:\/\/ecovent-ks.com\/wp-content\/uploads\/2022\/08\/png1-560x1024.png 560w, https:\/\/ecovent-ks.com\/wp-content\/uploads\/2022\/08\/png1-768x1403.png 768w, https:\/\/ecovent-ks.com\/wp-content\/uploads\/2022\/08\/png1-841x1536.png 841w, https:\/\/ecovent-ks.com\/wp-content\/uploads\/2022\/08\/png1-1121x2048.png 1121w, https:\/\/ecovent-ks.com\/wp-content\/uploads\/2022\/08\/png1-scaled.png 1401w\" sizes=\"(max-width: 150px) 100vw, 150px\" \/><\/td>\n<td>Kontrolloni klim\u00ebn tuaj<\/p>\n<p>Ky ekran ju jep nj\u00eb pasqyr\u00eb t\u00eb nd\u00ebrtes\u00ebs suaj dhe akses n\u00eb funksione t\u00eb ndryshme p\u00ebr t\u00eb klim\u00ebn tuaj t\u00eb brendshme. Mund t\u00eb kontrolloni deri n\u00eb 50 nj\u00ebsi t\u00eb sistemeve t\u00eb ajrit t\u00eb kondicionuar n\u00eb t\u00eb nj\u00ebjt\u00ebn koh\u00eb.<\/p>\n<p>*Funksionet e aplikacionit mund t\u00eb ndryshojn\u00eb n\u00eb var\u00ebsi t\u00eb llojit t\u00eb sistemit dhe<\/p>\n<p>nj\u00ebsis\u00eb s\u00eb brendshme.<\/td>\n<\/tr>\n<tr>\n<td><img decoding=\"async\" class=\"alignnone wp-image-3994\" src=\"https:\/\/ecovent.com.mk\/wp-content\/uploads\/2022\/08\/png2-156x300.png\" alt=\"\" width=\"143\" height=\"274\" srcset=\"https:\/\/ecovent-ks.com\/wp-content\/uploads\/2022\/08\/png2-156x300.png 156w, https:\/\/ecovent-ks.com\/wp-content\/uploads\/2022\/08\/png2-300x577.png 300w, https:\/\/ecovent-ks.com\/wp-content\/uploads\/2022\/08\/png2-600x1153.png 600w, https:\/\/ecovent-ks.com\/wp-content\/uploads\/2022\/08\/png2-533x1024.png 533w, https:\/\/ecovent-ks.com\/wp-content\/uploads\/2022\/08\/png2-768x1476.png 768w, https:\/\/ecovent-ks.com\/wp-content\/uploads\/2022\/08\/png2-799x1536.png 799w, https:\/\/ecovent-ks.com\/wp-content\/uploads\/2022\/08\/png2-1066x2048.png 1066w, https:\/\/ecovent-ks.com\/wp-content\/uploads\/2022\/08\/png2-scaled.png 1332w\" sizes=\"(max-width: 143px) 100vw, 143px\" \/><\/td>\n<td>Oraret<\/p>\n<p>Krijoni orare t\u00eb ndryshme kohore me deri n\u00eb 6 veprime n\u00eb dit\u00eb p\u00ebr 7 dit\u00eb dhe aktivizoni m\u00ebnyra specifike funksionimi.<\/p>\n<p>Orari p\u00ebr uj\u00eb t\u00eb nxeht\u00eb.<\/p>\n<p>*Funksionet e aplikacionit mund t\u00eb ndryshojn\u00eb n\u00eb var\u00ebsi t\u00eb llojit t\u00eb sistemit dhe<\/p>\n<p>nj\u00ebsis\u00eb s\u00eb brendshme.<\/td>\n<\/tr>\n<tr>\n<td><img loading=\"lazy\" decoding=\"async\" class=\"alignnone wp-image-3996\" src=\"https:\/\/ecovent.com.mk\/wp-content\/uploads\/2022\/08\/png3-157x300.png\" alt=\"\" width=\"150\" height=\"287\" srcset=\"https:\/\/ecovent-ks.com\/wp-content\/uploads\/2022\/08\/png3-157x300.png 157w, https:\/\/ecovent-ks.com\/wp-content\/uploads\/2022\/08\/png3-300x574.png 300w, https:\/\/ecovent-ks.com\/wp-content\/uploads\/2022\/08\/png3-600x1148.png 600w, https:\/\/ecovent-ks.com\/wp-content\/uploads\/2022\/08\/png3-535x1024.png 535w, https:\/\/ecovent-ks.com\/wp-content\/uploads\/2022\/08\/png3-768x1470.png 768w, https:\/\/ecovent-ks.com\/wp-content\/uploads\/2022\/08\/png3-803x1536.png 803w, https:\/\/ecovent-ks.com\/wp-content\/uploads\/2022\/08\/png3-1070x2048.png 1070w, https:\/\/ecovent-ks.com\/wp-content\/uploads\/2022\/08\/png3-scaled.png 1338w\" sizes=\"(max-width: 150px) 100vw, 150px\" \/><\/td>\n<td>Energy usage<\/p>\n<p>Ndiqni konsumin e energjis\u00eb s\u00eb nj\u00ebsis\u00eb suaj* p\u00ebr t\u00eb kursyer m\u00eb shum\u00eb energji.<\/p>\n<p>Grafik\u00ebt dhe ikonat miq\u00ebsore p\u00ebr p\u00ebrdoruesit ofrojn\u00eb njohuri se ku mund t\u00eb kurseni.<\/p>\n<p>Vizitoni k\u00ebt\u00eb faqe p\u00ebr t\u00eb par\u00eb se me cilat nj\u00ebsi t\u00eb brendshme \u00ebsht\u00eb i pajtuesh\u00ebm ky funksion.<\/p>\n<p>*Funksionet e aplikacionit mund t\u00eb ndryshojn\u00eb n\u00eb var\u00ebsi t\u00eb llojit t\u00eb sistemit dhe<\/p>\n<p>nj\u00ebsis\u00eb s\u00eb brendshme.<\/td>\n<\/tr>\n<tr>\n<td><img loading=\"lazy\" decoding=\"async\" class=\"alignnone wp-image-3997\" src=\"https:\/\/ecovent.com.mk\/wp-content\/uploads\/2022\/08\/APP-05-300x274.png\" alt=\"\" width=\"400\" height=\"365\" srcset=\"https:\/\/ecovent-ks.com\/wp-content\/uploads\/2022\/08\/APP-05-300x274.png 300w, https:\/\/ecovent-ks.com\/wp-content\/uploads\/2022\/08\/APP-05-600x548.png 600w, https:\/\/ecovent-ks.com\/wp-content\/uploads\/2022\/08\/APP-05-1024x936.png 1024w, https:\/\/ecovent-ks.com\/wp-content\/uploads\/2022\/08\/APP-05-768x702.png 768w, https:\/\/ecovent-ks.com\/wp-content\/uploads\/2022\/08\/APP-05.png 1251w\" sizes=\"(max-width: 400px) 100vw, 400px\" \/><\/td>\n<td>Dhoma t\u00eb ndara<\/p>\n<p>Termostati interaktiv ju lejon t\u00eb rregulloni temperatur\u00ebn, m\u00ebnyr\u00ebn e funksionimit dhe oraret p\u00ebr dhoma individuale.<\/p>\n<p>*Funksionet e aplikacionit mund t\u00eb ndryshojn\u00eb n\u00eb var\u00ebsi t\u00eb llojit t\u00eb sistemit dhe nj\u00ebsis\u00eb s\u00eb brendshme<\/p>\n<p>nj\u00ebsis\u00eb s\u00eb brendshme.<\/td>\n<\/tr>\n<tr>\n<td><\/td>\n<td><\/td>\n<\/tr>\n<\/tbody>\n<\/table>","protected":false},"excerpt":{"rendered":"<p><img loading=\"lazy\" decoding=\"async\" class=\"alignleft wp-image-2519 size-medium\" src=\"https:\/\/ecovent.com.mk\/wp-content\/uploads\/2022\/08\/Asset-63@300x-300x70.png\" alt=\"\" width=\"300\" height=\"70\" srcset=\"https:\/\/ecovent-ks.com\/wp-content\/uploads\/2022\/08\/Asset-63@300x-300x70.png 300w, https:\/\/ecovent-ks.com\/wp-content\/uploads\/2022\/08\/Asset-63@300x-600x139.png 600w, https:\/\/ecovent-ks.com\/wp-content\/uploads\/2022\/08\/Asset-63@300x-1024x238.png 1024w, https:\/\/ecovent-ks.com\/wp-content\/uploads\/2022\/08\/Asset-63@300x-768x178.png 768w, https:\/\/ecovent-ks.com\/wp-content\/uploads\/2022\/08\/Asset-63@300x.png 1026w\" sizes=\"(max-width: 300px) 100vw, 300px\" \/><\/p>\n<p>&nbsp;<\/p>\n<p>&nbsp;<\/p>\n<p>&nbsp;<\/p>\n<p>&nbsp;<\/p>\n<p>Download the app<\/p>\n<p><img loading=\"lazy\" decoding=\"async\" class=\"alignnone size-medium wp-image-4003\" src=\"https:\/\/ecovent.com.mk\/wp-content\/uploads\/2022\/08\/Asset-19-300x101.png\" alt=\"\" width=\"300\" height=\"101\" srcset=\"https:\/\/ecovent-ks.com\/wp-content\/uploads\/2022\/08\/Asset-19-300x101.png 300w, https:\/\/ecovent-ks.com\/wp-content\/uploads\/2022\/08\/Asset-19.png 325w\" sizes=\"(max-width: 300px) 100vw, 300px\" \/> <img loading=\"lazy\" decoding=\"async\" class=\"alignnone size-medium wp-image-4004\" src=\"https:\/\/ecovent.com.mk\/wp-content\/uploads\/2022\/08\/Asset-20-300x91.png\" alt=\"\" width=\"300\" height=\"91\" srcset=\"https:\/\/ecovent-ks.com\/wp-content\/uploads\/2022\/08\/Asset-20-300x91.png 300w, https:\/\/ecovent-ks.com\/wp-content\/uploads\/2022\/08\/Asset-20.png 324w\" sizes=\"(max-width: 300px) 100vw, 300px\" \/><\/p>\n<p>&nbsp;<\/p>","protected":false},"featured_media":3986,"comment_status":"closed","ping_status":"closed","template":"","meta":[],"product_brand":[],"product_cat":[53],"product_tag":[],"class_list":{"0":"post-3831","1":"product","2":"type-product","3":"status-publish","4":"has-post-thumbnail","6":"product_cat-controllers","8":"first","9":"instock","10":"shipping-taxable","11":"product-type-simple"},"_links":{"self":[{"href":"https:\/\/ecovent-ks.com\/sq\/wp-json\/wp\/v2\/product\/3831","targetHints":{"allow":["GET"]}}],"collection":[{"href":"https:\/\/ecovent-ks.com\/sq\/wp-json\/wp\/v2\/product"}],"about":[{"href":"https:\/\/ecovent-ks.com\/sq\/wp-json\/wp\/v2\/types\/product"}],"replies":[{"embeddable":true,"href":"https:\/\/ecovent-ks.com\/sq\/wp-json\/wp\/v2\/comments?post=3831"}],"wp:featuredmedia":[{"embeddable":true,"href":"https:\/\/ecovent-ks.com\/sq\/wp-json\/wp\/v2\/media\/3986"}],"wp:attachment":[{"href":"https:\/\/ecovent-ks.com\/sq\/wp-json\/wp\/v2\/media?parent=3831"}],"wp:term":[{"taxonomy":"product_brand","embeddable":true,"href":"https:\/\/ecovent-ks.com\/sq\/wp-json\/wp\/v2\/product_brand?post=3831"},{"taxonomy":"product_cat","embeddable":true,"href":"https:\/\/ecovent-ks.com\/sq\/wp-json\/wp\/v2\/product_cat?post=3831"},{"taxonomy":"product_tag","embeddable":true,"href":"https:\/\/ecovent-ks.com\/sq\/wp-json\/wp\/v2\/product_tag?post=3831"}],"curies":[{"name":"wp","href":"https:\/\/api.w.org\/{rel}","templated":true}]}}